{"id":45,"date":"2024-02-01T10:17:32","date_gmt":"2024-02-01T10:17:32","guid":{"rendered":"https:\/\/lenjogsi.hu\/?page_id=45"},"modified":"2025-02-27T07:29:57","modified_gmt":"2025-02-27T07:29:57","slug":"kapcsolat-2","status":"publish","type":"page","link":"https:\/\/lenjogsi.hu\/index.php\/kapcsolat-2\/","title":{"rendered":"Kapcsolat"},"content":{"rendered":"<h1>Kapcsolat<\/h1>\n<p>Lengyel P\u00e9ter Ev.<\/p>\n<p>Lenjogsi Aut\u00f3siskola<\/p>\n<p>+36 70 226 8238<\/p>\n<p>+36 70 726 7017<\/p>\n<p>lenjogsi@gmail.com<\/p>\n<p>3525 Miskolc, Szeles utca 2.<\/p>\n<p>T\u00e9rk\u00e9p \/ utcak\u00e9p:<\/p>\n<p><a href=\"https:\/\/maps.app.goo.gl\/yrQKJ8PF8ZLHNPxq7\">https:\/\/maps.app.goo.gl\/yrQKJ8PF8ZLHNPxq7<\/a><\/p>\n","protected":false},"excerpt":{"rendered":"<p>Kapcsolat Lengyel P\u00e9ter Ev. Lenjogsi Aut\u00f3siskola +36 70 226 8238 +36 70 726 7017 lenjogsi@gmail.com 3525 Miskolc, Szeles utca 2. T\u00e9rk\u00e9p \/ utcak\u00e9p: https:\/\/maps.app.goo.gl\/yrQKJ8PF8ZLHNPxq7<\/p>\n","protected":false},"author":1,"featured_media":0,"parent":0,"menu_order":0,"comment_status":"closed","ping_status":"closed","template":"","meta":{"footnotes":""},"class_list":["post-45","page","type-page","status-publish","hentry"],"_links":{"self":[{"href":"https:\/\/lenjogsi.hu\/index.php\/wp-json\/wp\/v2\/pages\/45","targetHints":{"allow":["GET"]}}],"collection":[{"href":"https:\/\/lenjogsi.hu\/index.php\/wp-json\/wp\/v2\/pages"}],"about":[{"href":"https:\/\/lenjogsi.hu\/index.php\/wp-json\/wp\/v2\/types\/page"}],"author":[{"embeddable":true,"href":"https:\/\/lenjogsi.hu\/index.php\/wp-json\/wp\/v2\/users\/1"}],"replies":[{"embeddable":true,"href":"https:\/\/lenjogsi.hu\/index.php\/wp-json\/wp\/v2\/comments?post=45"}],"version-history":[{"count":6,"href":"https:\/\/lenjogsi.hu\/index.php\/wp-json\/wp\/v2\/pages\/45\/revisions"}],"predecessor-version":[{"id":113,"href":"https:\/\/lenjogsi.hu\/index.php\/wp-json\/wp\/v2\/pages\/45\/revisions\/113"}],"wp:attachment":[{"href":"https:\/\/lenjogsi.hu\/index.php\/wp-json\/wp\/v2\/media?parent=45"}],"curies":[{"name":"wp","href":"https:\/\/api.w.org\/{rel}","templated":true}]}}