{"id":43,"date":"2024-02-01T10:16:41","date_gmt":"2024-02-01T10:16:41","guid":{"rendered":"https:\/\/lenjogsi.hu\/?page_id=43"},"modified":"2024-02-01T10:16:41","modified_gmt":"2024-02-01T10:16:41","slug":"hirek","status":"publish","type":"page","link":"https:\/\/lenjogsi.hu\/index.php\/hirek\/","title":{"rendered":"H\u00edrek"},"content":{"rendered":"<p><b>A k\u00f6zleked\u00e9si alapismeretek tanfolyam \u00e9s vizsga d\u00edj\u00e1hoz ny\u00fajtott t\u00e1mogat\u00e1s<\/b><\/p>\n<p>&nbsp;<\/p>\n<p>A Korm\u00e1ny 55\/2018. (III. 23.) Korm. rendelete szerint a sikeresen letett \u201eB\u201d kateg\u00f3ri\u00e1s k\u00f6z\u00fati j\u00e1rm\u0171vezet\u0151i enged\u00e9ly megszerz\u00e9s\u00e9hez sz\u00fcks\u00e9ges k\u00f6zleked\u00e9si alapismeretek vizsga d\u00edj\u00e1hoz, illetve a hozz\u00e1 kapcsol\u00f3d\u00f3 k\u00f6zleked\u00e9si alapismeretek tanfolyam d\u00edj\u00e1hoz t\u00e1mogat\u00e1s ig\u00e9nyelhet\u0151.<\/p>\n<p><b>Jogosults\u00e1gi felt\u00e9telek<\/b><\/p>\n<p>A t\u00e1mogat\u00e1st az a szem\u00e9ly veheti ig\u00e9nybe, aki<\/p>\n<ul>\n<li>a \u201eB\u201d kateg\u00f3ri\u00e1s vezet\u0151i enged\u00e9ly megszerz\u00e9s\u00e9hez sz\u00fcks\u00e9ges sikeres k\u00f6zleked\u00e9si alapismeretek vizsg\u00e1t 2018. j\u00falius 1-j\u00e9t k\u00f6vet\u0151en tette le, \u00e9s a vizsga napj\u00e1n a 20. \u00e9let\u00e9v\u00e9t m\u00e9g nem t\u00f6lt\u00f6tte be, vagy<\/li>\n<li>a 20. \u00e9let\u00e9v\u00e9t m\u00e1r bet\u00f6lt\u00f6tte, \u00e9s a vizsga napj\u00e1n\n<ul>\n<li>csecsem\u0151gondoz\u00e1si d\u00edjban,<\/li>\n<li>gyermekgondoz\u00e1si d\u00edjban, vagy<\/li>\n<li>gyermekgondoz\u00e1st seg\u00edt\u0151 ell\u00e1t\u00e1sban<\/li>\n<\/ul>\n<\/li>\n<\/ul>\n<p>r\u00e9szes\u00fclt, felt\u00e9ve, hogy kor\u00e1bban a t\u00e1mogat\u00e1st m\u00e9g nem vette ig\u00e9nybe \u00e9s a \u201eB\u201d kateg\u00f3ri\u00e1s vezet\u0151i enged\u00e9ly megszerz\u00e9s\u00e9hez sz\u00fcks\u00e9ges sikeres k\u00f6zleked\u00e9si alapismeretek vizsga let\u00e9tel\u00e9re 2020. j\u00fanius 30-a ut\u00e1n ker\u00fclt sor.<\/p>\n<p><b>A t\u00e1mogat\u00e1s \u00f6sszege<\/b><\/p>\n<p>A t\u00e1mogat\u00e1s \u00f6sszege a k\u00f6zleked\u00e9si alapismeretek tanfolyam d\u00edj\u00e1nak \u00e9s a sikeres k\u00f6zleked\u00e9si alapismeretek vizsga igazgat\u00e1si szolg\u00e1ltat\u00e1si d\u00edj\u00e1nak t\u00e9nylegesen megfizetett \u00f6sszege, de legfeljebb\u00a0<b>25000<\/b>\u00a0forint.<\/p>\n","protected":false},"excerpt":{"rendered":"<p>A k\u00f6zleked\u00e9si alapismeretek tanfolyam \u00e9s vizsga d\u00edj\u00e1hoz ny\u00fajtott t\u00e1mogat\u00e1s &nbsp; A Korm\u00e1ny 55\/2018. (III. 23.) Korm. rendelete szerint a sikeresen letett \u201eB\u201d kateg\u00f3ri\u00e1s k\u00f6z\u00fati j\u00e1rm\u0171vezet\u0151i enged\u00e9ly megszerz\u00e9s\u00e9hez sz\u00fcks\u00e9ges k\u00f6zleked\u00e9si alapismeretek vizsga d\u00edj\u00e1hoz, illetve a hozz\u00e1 kapcsol\u00f3d\u00f3 k\u00f6zleked\u00e9si alapismeretek tanfolyam d\u00edj\u00e1hoz t\u00e1mogat\u00e1s ig\u00e9nyelhet\u0151. Jogosults\u00e1gi felt\u00e9telek A t\u00e1mogat\u00e1st az a szem\u00e9ly veheti ig\u00e9nybe, aki a \u201eB\u201d kateg\u00f3ri\u00e1s [&hellip;]<\/p>\n","protected":false},"author":1,"featured_media":0,"parent":0,"menu_order":0,"comment_status":"closed","ping_status":"closed","template":"","meta":{"footnotes":""},"class_list":["post-43","page","type-page","status-publish","hentry"],"_links":{"self":[{"href":"https:\/\/lenjogsi.hu\/index.php\/wp-json\/wp\/v2\/pages\/43","targetHints":{"allow":["GET"]}}],"collection":[{"href":"https:\/\/lenjogsi.hu\/index.php\/wp-json\/wp\/v2\/pages"}],"about":[{"href":"https:\/\/lenjogsi.hu\/index.php\/wp-json\/wp\/v2\/types\/page"}],"author":[{"embeddable":true,"href":"https:\/\/lenjogsi.hu\/index.php\/wp-json\/wp\/v2\/users\/1"}],"replies":[{"embeddable":true,"href":"https:\/\/lenjogsi.hu\/index.php\/wp-json\/wp\/v2\/comments?post=43"}],"version-history":[{"count":1,"href":"https:\/\/lenjogsi.hu\/index.php\/wp-json\/wp\/v2\/pages\/43\/revisions"}],"predecessor-version":[{"id":63,"href":"https:\/\/lenjogsi.hu\/index.php\/wp-json\/wp\/v2\/pages\/43\/revisions\/63"}],"wp:attachment":[{"href":"https:\/\/lenjogsi.hu\/index.php\/wp-json\/wp\/v2\/media?parent=43"}],"curies":[{"name":"wp","href":"https:\/\/api.w.org\/{rel}","templated":true}]}}