{"id":35,"date":"2024-02-01T09:24:55","date_gmt":"2024-02-01T09:24:55","guid":{"rendered":"https:\/\/lenjogsi.hu\/?page_id=35"},"modified":"2026-01-07T08:19:21","modified_gmt":"2026-01-07T08:19:21","slug":"tajekoztatok","status":"publish","type":"page","link":"https:\/\/lenjogsi.hu\/index.php\/tajekoztatok\/","title":{"rendered":"T\u00e1j\u00e9koztat\u00f3k"},"content":{"rendered":"<p><a href=\"https:\/\/lenjogsi.hu\/wp-content\/uploads\/2024\/06\/Altalanos-tajekoztato.pdf\">\u00c1ltal\u00e1nos t\u00e1j\u00e9koztat\u00f3<\/a><\/p>\n<p><a href=\"https:\/\/lenjogsi.hu\/wp-content\/uploads\/2026\/01\/B-kategorias-tajekoztato-2026.pdf\">B kateg\u00f3ri\u00e1s t\u00e1j\u00e9koztat\u00f3<\/a><\/p>\n<p><a href=\"https:\/\/lenjogsi.hu\/wp-content\/uploads\/2024\/04\/C-kategorias-tajekoztato.pdf\">C kateg\u00f3ri\u00e1s t\u00e1j\u00e9koztat\u00f3<\/a><\/p>\n<p><a href=\"https:\/\/lenjogsi.hu\/wp-content\/uploads\/2024\/04\/CE-kategorias-tejekoztato.pdf\">C+E kateg\u00f3ri\u00e1s t\u00e1j\u00e9koztat\u00f3<\/a><\/p>\n<p><a href=\"https:\/\/lenjogsi.hu\/wp-content\/uploads\/2024\/04\/D-kategorias-tajekoztato.pdf\">D kateg\u00f3ri\u00e1s t\u00e1j\u00e9koztat\u00f3<\/a><\/p>\n<p>&nbsp;<\/p>\n","protected":false},"excerpt":{"rendered":"<p>\u00c1ltal\u00e1nos t\u00e1j\u00e9koztat\u00f3 B kateg\u00f3ri\u00e1s t\u00e1j\u00e9koztat\u00f3 C kateg\u00f3ri\u00e1s t\u00e1j\u00e9koztat\u00f3 C+E kateg\u00f3ri\u00e1s t\u00e1j\u00e9koztat\u00f3 D kateg\u00f3ri\u00e1s t\u00e1j\u00e9koztat\u00f3 &nbsp;<\/p>\n","protected":false},"author":1,"featured_media":0,"parent":0,"menu_order":0,"comment_status":"closed","ping_status":"closed","template":"","meta":{"footnotes":""},"class_list":["post-35","page","type-page","status-publish","hentry"],"_links":{"self":[{"href":"https:\/\/lenjogsi.hu\/index.php\/wp-json\/wp\/v2\/pages\/35","targetHints":{"allow":["GET"]}}],"collection":[{"href":"https:\/\/lenjogsi.hu\/index.php\/wp-json\/wp\/v2\/pages"}],"about":[{"href":"https:\/\/lenjogsi.hu\/index.php\/wp-json\/wp\/v2\/types\/page"}],"author":[{"embeddable":true,"href":"https:\/\/lenjogsi.hu\/index.php\/wp-json\/wp\/v2\/users\/1"}],"replies":[{"embeddable":true,"href":"https:\/\/lenjogsi.hu\/index.php\/wp-json\/wp\/v2\/comments?post=35"}],"version-history":[{"count":5,"href":"https:\/\/lenjogsi.hu\/index.php\/wp-json\/wp\/v2\/pages\/35\/revisions"}],"predecessor-version":[{"id":140,"href":"https:\/\/lenjogsi.hu\/index.php\/wp-json\/wp\/v2\/pages\/35\/revisions\/140"}],"wp:attachment":[{"href":"https:\/\/lenjogsi.hu\/index.php\/wp-json\/wp\/v2\/media?parent=35"}],"curies":[{"name":"wp","href":"https:\/\/api.w.org\/{rel}","templated":true}]}}